{"id":2652,"date":"2025-09-11T20:26:52","date_gmt":"2025-09-11T20:26:52","guid":{"rendered":"https:\/\/www.cvdeaanhawwersj.nl\/?page_id=2652"},"modified":"2026-01-07T19:34:08","modified_gmt":"2026-01-07T19:34:08","slug":"11-01-26-prinsoetroping","status":"publish","type":"page","link":"https:\/\/www.cvdeaanhawwersj.nl\/?page_id=2652","title":{"rendered":"11-01-26 &#8211; Prinsoetroping"},"content":{"rendered":"\n<p>Komende zondig 11 <a><\/a>jannewarie op de M\u00e9rt van Meersje, vanaaf 16:00 oor roope veer \u00f6s nuuj prinsenpaar oet.<\/p>\n\n\n\n<p>Whea weure de opvolgers van \u00f6s huidig prinsenpaar Prins Jer\u00f4me I &amp; Prinses Anne?<br>Whea geit \u00f6s de komende weke veurop in de Meersjense vastelaovend?<\/p>\n\n\n\n<p>Kom zondig nao de M\u00e9rt en kom loere whea \u00f6s nuuj prinsenpaar weurt.<\/p>\n\n\n\n<p><img loading=\"lazy\" decoding=\"async\" height=\"16\" width=\"16\" alt=\"\ud83d\udea8\" src=\"https:\/\/static.xx.fbcdn.net\/images\/emoji.php\/v9\/t45\/1\/16\/1f6a8.png\">Lit op! Vanaaf dit jaor zalle veer neet mj\u00e9r vanoet de Stip in optocht nao de Mert tr\u00e9kke.<\/p>\n\n\n\n<p><\/p>\n","protected":false},"excerpt":{"rendered":"<p>Komende zondig 11 jannewarie op de M\u00e9rt van Meersje, vanaaf 16:00 oor roope veer \u00f6s&#8230;<\/p>\n","protected":false},"author":3895,"featured_media":0,"parent":0,"menu_order":0,"comment_status":"closed","ping_status":"closed","template":"","meta":{"footnotes":""},"class_list":["post-2652","page","type-page","status-publish","hentry"],"_links":{"self":[{"href":"https:\/\/www.cvdeaanhawwersj.nl\/index.php?rest_route=\/wp\/v2\/pages\/2652","targetHints":{"allow":["GET"]}}],"collection":[{"href":"https:\/\/www.cvdeaanhawwersj.nl\/index.php?rest_route=\/wp\/v2\/pages"}],"about":[{"href":"https:\/\/www.cvdeaanhawwersj.nl\/index.php?rest_route=\/wp\/v2\/types\/page"}],"author":[{"embeddable":true,"href":"https:\/\/www.cvdeaanhawwersj.nl\/index.php?rest_route=\/wp\/v2\/users\/3895"}],"replies":[{"embeddable":true,"href":"https:\/\/www.cvdeaanhawwersj.nl\/index.php?rest_route=%2Fwp%2Fv2%2Fcomments&post=2652"}],"version-history":[{"count":3,"href":"https:\/\/www.cvdeaanhawwersj.nl\/index.php?rest_route=\/wp\/v2\/pages\/2652\/revisions"}],"predecessor-version":[{"id":3110,"href":"https:\/\/www.cvdeaanhawwersj.nl\/index.php?rest_route=\/wp\/v2\/pages\/2652\/revisions\/3110"}],"wp:attachment":[{"href":"https:\/\/www.cvdeaanhawwersj.nl\/index.php?rest_route=%2Fwp%2Fv2%2Fmedia&parent=2652"}],"curies":[{"name":"wp","href":"https:\/\/api.w.org\/{rel}","templated":true}]}}